{"id":166,"date":"2020-06-10T09:42:48","date_gmt":"2020-06-10T09:42:48","guid":{"rendered":"https:\/\/prefetsvalais.ch\/aufgaben-der-praefekten\/"},"modified":"2020-08-25T13:45:08","modified_gmt":"2020-08-25T11:45:08","slug":"aufgaben-der-praefekten","status":"publish","type":"page","link":"https:\/\/prefetsvalais.ch\/de\/aufgaben-der-praefekten\/","title":{"rendered":"Rolle der Pr\u00e4fekten"},"content":{"rendered":"<p>[et_pb_section fb_built=&#8220;1&#8243; _builder_version=&#8220;4.4.7&#8243; custom_padding=&#8220;||0px||false|false&#8220;][et_pb_row _builder_version=&#8220;4.4.7&#8243;][et_pb_column type=&#8220;4_4&#8243; _builder_version=&#8220;4.4.7&#8243;][et_pb_text _builder_version=&#8220;4.4.7&#8243; header_font=&#8220;|700|||||||&#8220; header_text_align=&#8220;center&#8220; header_font_size_tablet=&#8220;&#8220; header_font_size_phone=&#8220;&#8220; header_font_size_last_edited=&#8220;on|phone&#8220;]<\/p>\n<h1>Was sind die Aufgaben der Pr\u00e4fekten?<\/h1>\n<p>[\/et_pb_text][et_pb_divider divider_weight=&#8220;3px&#8220; _builder_version=&#8220;4.4.7&#8243; width=&#8220;100px&#8220; width_tablet=&#8220;&#8220; width_phone=&#8220;&#8220; width_last_edited=&#8220;on|phone&#8220; module_alignment=&#8220;center&#8220;][\/et_pb_divider][et_pb_text _builder_version=&#8220;4.4.7&#8243;]<\/p>\n<p>Die Pr\u00e4fekten unterst\u00fctzen und verteidigen die Massnahmen und Entscheidungen der Walliser Regierung gegen\u00fcber den Beh\u00f6rden und B\u00fcrgern ihres Bezirkes. Sie \u00fcbernehmen alle Aufgaben, die ihnen von der Walliser Gesetzgebung zugewiesen werden.<\/p>\n<p>[\/et_pb_text][\/et_pb_column][\/et_pb_row][\/et_pb_section][et_pb_section fb_built=&#8220;1&#8243; _builder_version=&#8220;4.4.7&#8243;][et_pb_row _builder_version=&#8220;4.4.7&#8243;][et_pb_column type=&#8220;4_4&#8243; _builder_version=&#8220;4.4.7&#8243;][et_pb_text _builder_version=&#8220;4.4.7&#8243; header_2_font=&#8220;|600|||||||&#8220; header_2_text_align=&#8220;center&#8220; header_2_font_size_tablet=&#8220;&#8220; header_2_font_size_phone=&#8220;&#8220; header_2_font_size_last_edited=&#8220;on|phone&#8220;]<\/p>\n<h2>Verbindung zwischen den Gemeinden und dem Staatsrat oder der kantonalen Verwaltung<\/h2>\n<p>&nbsp;<\/p>\n<p>Im Allgemeinen fungieren die Pr\u00e4fekten als Bindeglied zwischen den Gemeinden ihres Bezirks und den regionalen Institutionen (Antenne Region Unterwallis, Wirtschaftsregion Oberwallis, Agglos&#8230;.) sowie dem Staatsrat.<\/p>\n<p>Insbesondere:<\/p>\n<ul style=\"list-style-type: circle;\">\n<li>f\u00fchren sie Dossiers mit mehreren Partnern (Munizipal Gemeinden, Burger Gemeinden, Privaten, staatlichen Diensten, Verb\u00e4nden usw.) durch<\/li>\n<li>gew\u00e4hrleisten die Koordination zwischen den Munizipal Gemeinden, den Burger Gemeinden und der kantonalen Verwaltung<\/li>\n<li>bieten ihre guten Dienste an, um Differenzen zu regeln, die innerhalb der Beh\u00f6rde einer Gemeinde oder zwischen Gemeinden bestehen k\u00f6nnen<\/li>\n<li>berichten dem Staatsrat oder dem Vorsteher des betreffenden Departements \u00fcber alle wesentlichen Bedenken oder Probleme sowie \u00fcber L\u00f6sungsvorschl\u00e4ge<\/li>\n<\/ul>\n<p>[\/et_pb_text][et_pb_text _builder_version=&#8220;4.4.7&#8243; header_2_font=&#8220;|600|||||||&#8220; header_2_text_align=&#8220;center&#8220; header_2_font_size_tablet=&#8220;&#8220; header_2_font_size_phone=&#8220;&#8220; header_2_font_size_last_edited=&#8220;on|phone&#8220;]<\/p>\n<h2>Vermittlung zwischen Beh\u00f6rden oder zwischen B\u00fcrgern und dem Staat oder den Gemeinden<\/h2>\n<p>&nbsp;<\/p>\n<p>Neben der Funktion als Botschafter zwischen den Gemeinden und dem Staatsrat oder der kantonalen Verwaltung k\u00f6nnen die Pr\u00e4fekten auch als Vermittler eingesetzt werden:<\/p>\n<ul style=\"list-style-type: circle;\">\n<li>bei Streitigkeiten zwischen den Gemeinden in ihrem Bezirk oder sogar Gemeinden in verschiedenen Bezirken<\/li>\n<li>bei Konflikten, die innerhalb derselben Gemeindebeh\u00f6rde auftreten<\/li>\n<li>bei Konflikten zwischen B\u00fcrgern und Beh\u00f6rden<\/li>\n<\/ul>\n<p>Es ist zu beachten, dass die Vizepr\u00e4fekten die Pr\u00e4fekten im Falle einer Behinderung, einer Vakanz oder einer Ablehnung ersetzen. Im Falle eines Interessenkonflikts zwischen den B\u00fcrgern bzw. den Gemeinden ihres Bezirks und des Kantons bleiben die Pr\u00e4fekten n\u00e4mlich der Treuepflicht unterworfen. Wenn sie aus pers\u00f6nlichen Gr\u00fcnden nicht in der Lage sind, diese Pflicht zu erf\u00fcllen, treten sie in den Ausstand und werden durch den Vizepr\u00e4fekten ersetzt.<\/p>\n<p>[\/et_pb_text][\/et_pb_column][\/et_pb_row][\/et_pb_section]<\/p>\n","protected":false},"excerpt":{"rendered":"<p>Was sind die Aufgaben der Pr\u00e4fekten?Die Pr\u00e4fekten unterst\u00fctzen und verteidigen die Massnahmen und Entscheidungen der Walliser Regierung gegen\u00fcber den Beh\u00f6rden und B\u00fcrgern ihres Bezirkes. Sie \u00fcbernehmen alle Aufgaben, die ihnen von der Walliser Gesetzgebung zugewiesen werden.Verbindung zwischen den Gemeinden und dem Staatsrat oder der kantonalen Verwaltung &nbsp; Im Allgemeinen fungieren die Pr\u00e4fekten als Bindeglied zwischen [&hellip;]<\/p>\n","protected":false},"author":2,"featured_media":0,"parent":0,"menu_order":0,"comment_status":"closed","ping_status":"closed","template":"","meta":{"_et_pb_use_builder":"on","_et_pb_old_content":"","_et_gb_content_width":"","footnotes":""},"class_list":["post-166","page","type-page","status-publish","hentry"],"yoast_head":"<!-- This site is optimized with the Yoast SEO plugin v27.3 - https:\/\/yoast.com\/product\/yoast-seo-wordpress\/ -->\n<title>Rolle der Pr\u00e4fekten - Pr\u00e9fets du Valais<\/title>\n<meta name=\"description\" content=\"Die Pr\u00e4fekten unterst\u00fctzen und verteidigen die Massnahmen und Entscheidungen der Walliser Regierung gegen\u00fcber den Beh\u00f6rden und B\u00fcrgern ihres Bezirkes.\" \/>\n<meta name=\"robots\" content=\"index, follow, max-snippet:-1, max-image-preview:large, max-video-preview:-1\" \/>\n<link rel=\"canonical\" href=\"https:\/\/prefetsvalais.ch\/de\/aufgaben-der-praefekten\/\" \/>\n<meta property=\"og:locale\" content=\"de_DE\" \/>\n<meta property=\"og:type\" content=\"article\" \/>\n<meta property=\"og:title\" content=\"Rolle der Pr\u00e4fekten - Pr\u00e9fets du Valais\" \/>\n<meta property=\"og:description\" content=\"Die Pr\u00e4fekten unterst\u00fctzen und verteidigen die Massnahmen und Entscheidungen der Walliser Regierung gegen\u00fcber den Beh\u00f6rden und B\u00fcrgern ihres Bezirkes.\" \/>\n<meta property=\"og:url\" content=\"https:\/\/prefetsvalais.ch\/de\/aufgaben-der-praefekten\/\" \/>\n<meta property=\"og:site_name\" content=\"Pr\u00e9fets du Valais\" \/>\n<meta property=\"article:modified_time\" content=\"2020-08-25T11:45:08+00:00\" \/>\n<meta name=\"twitter:card\" content=\"summary_large_image\" \/>\n<meta name=\"twitter:label1\" content=\"Gesch\u00e4tzte Lesezeit\" \/>\n\t<meta name=\"twitter:data1\" content=\"2\u00a0Minuten\" \/>\n<script type=\"application\/ld+json\" class=\"yoast-schema-graph\">{\"@context\":\"https:\\\/\\\/schema.org\",\"@graph\":[{\"@type\":\"WebPage\",\"@id\":\"https:\\\/\\\/prefetsvalais.ch\\\/de\\\/aufgaben-der-praefekten\\\/\",\"url\":\"https:\\\/\\\/prefetsvalais.ch\\\/de\\\/aufgaben-der-praefekten\\\/\",\"name\":\"Rolle der Pr\u00e4fekten - Pr\u00e9fets du Valais\",\"isPartOf\":{\"@id\":\"https:\\\/\\\/prefetsvalais.ch\\\/#website\"},\"datePublished\":\"2020-06-10T09:42:48+00:00\",\"dateModified\":\"2020-08-25T11:45:08+00:00\",\"description\":\"Die Pr\u00e4fekten unterst\u00fctzen und verteidigen die Massnahmen und Entscheidungen der Walliser Regierung gegen\u00fcber den Beh\u00f6rden und B\u00fcrgern ihres Bezirkes.\",\"breadcrumb\":{\"@id\":\"https:\\\/\\\/prefetsvalais.ch\\\/de\\\/aufgaben-der-praefekten\\\/#breadcrumb\"},\"inLanguage\":\"de\",\"potentialAction\":[{\"@type\":\"ReadAction\",\"target\":[\"https:\\\/\\\/prefetsvalais.ch\\\/de\\\/aufgaben-der-praefekten\\\/\"]}]},{\"@type\":\"BreadcrumbList\",\"@id\":\"https:\\\/\\\/prefetsvalais.ch\\\/de\\\/aufgaben-der-praefekten\\\/#breadcrumb\",\"itemListElement\":[{\"@type\":\"ListItem\",\"position\":1,\"name\":\"Accueil\",\"item\":\"https:\\\/\\\/prefetsvalais.ch\\\/\"},{\"@type\":\"ListItem\",\"position\":2,\"name\":\"Rolle der Pr\u00e4fekten\"}]},{\"@type\":\"WebSite\",\"@id\":\"https:\\\/\\\/prefetsvalais.ch\\\/#website\",\"url\":\"https:\\\/\\\/prefetsvalais.ch\\\/\",\"name\":\"Pr\u00e9fets du Valais\",\"description\":\"\",\"publisher\":{\"@id\":\"https:\\\/\\\/prefetsvalais.ch\\\/#organization\"},\"potentialAction\":[{\"@type\":\"SearchAction\",\"target\":{\"@type\":\"EntryPoint\",\"urlTemplate\":\"https:\\\/\\\/prefetsvalais.ch\\\/?s={search_term_string}\"},\"query-input\":{\"@type\":\"PropertyValueSpecification\",\"valueRequired\":true,\"valueName\":\"search_term_string\"}}],\"inLanguage\":\"de\"},{\"@type\":\"Organization\",\"@id\":\"https:\\\/\\\/prefetsvalais.ch\\\/#organization\",\"name\":\"Pr\u00e9fets du Valais\",\"url\":\"https:\\\/\\\/prefetsvalais.ch\\\/\",\"logo\":{\"@type\":\"ImageObject\",\"inLanguage\":\"de\",\"@id\":\"https:\\\/\\\/prefetsvalais.ch\\\/#\\\/schema\\\/logo\\\/image\\\/\",\"url\":\"https:\\\/\\\/prefetsvalais.ch\\\/wp-content\\\/uploads\\\/2020\\\/08\\\/logo-prefets.png\",\"contentUrl\":\"https:\\\/\\\/prefetsvalais.ch\\\/wp-content\\\/uploads\\\/2020\\\/08\\\/logo-prefets.png\",\"width\":600,\"height\":252,\"caption\":\"Pr\u00e9fets du Valais\"},\"image\":{\"@id\":\"https:\\\/\\\/prefetsvalais.ch\\\/#\\\/schema\\\/logo\\\/image\\\/\"}}]}<\/script>\n<!-- \/ Yoast SEO plugin. -->","yoast_head_json":{"title":"Rolle der Pr\u00e4fekten - Pr\u00e9fets du Valais","description":"Die Pr\u00e4fekten unterst\u00fctzen und verteidigen die Massnahmen und Entscheidungen der Walliser Regierung gegen\u00fcber den Beh\u00f6rden und B\u00fcrgern ihres Bezirkes.","robots":{"index":"index","follow":"follow","max-snippet":"max-snippet:-1","max-image-preview":"max-image-preview:large","max-video-preview":"max-video-preview:-1"},"canonical":"https:\/\/prefetsvalais.ch\/de\/aufgaben-der-praefekten\/","og_locale":"de_DE","og_type":"article","og_title":"Rolle der Pr\u00e4fekten - Pr\u00e9fets du Valais","og_description":"Die Pr\u00e4fekten unterst\u00fctzen und verteidigen die Massnahmen und Entscheidungen der Walliser Regierung gegen\u00fcber den Beh\u00f6rden und B\u00fcrgern ihres Bezirkes.","og_url":"https:\/\/prefetsvalais.ch\/de\/aufgaben-der-praefekten\/","og_site_name":"Pr\u00e9fets du Valais","article_modified_time":"2020-08-25T11:45:08+00:00","twitter_card":"summary_large_image","twitter_misc":{"Gesch\u00e4tzte Lesezeit":"2\u00a0Minuten"},"schema":{"@context":"https:\/\/schema.org","@graph":[{"@type":"WebPage","@id":"https:\/\/prefetsvalais.ch\/de\/aufgaben-der-praefekten\/","url":"https:\/\/prefetsvalais.ch\/de\/aufgaben-der-praefekten\/","name":"Rolle der Pr\u00e4fekten - Pr\u00e9fets du Valais","isPartOf":{"@id":"https:\/\/prefetsvalais.ch\/#website"},"datePublished":"2020-06-10T09:42:48+00:00","dateModified":"2020-08-25T11:45:08+00:00","description":"Die Pr\u00e4fekten unterst\u00fctzen und verteidigen die Massnahmen und Entscheidungen der Walliser Regierung gegen\u00fcber den Beh\u00f6rden und B\u00fcrgern ihres Bezirkes.","breadcrumb":{"@id":"https:\/\/prefetsvalais.ch\/de\/aufgaben-der-praefekten\/#breadcrumb"},"inLanguage":"de","potentialAction":[{"@type":"ReadAction","target":["https:\/\/prefetsvalais.ch\/de\/aufgaben-der-praefekten\/"]}]},{"@type":"BreadcrumbList","@id":"https:\/\/prefetsvalais.ch\/de\/aufgaben-der-praefekten\/#breadcrumb","itemListElement":[{"@type":"ListItem","position":1,"name":"Accueil","item":"https:\/\/prefetsvalais.ch\/"},{"@type":"ListItem","position":2,"name":"Rolle der Pr\u00e4fekten"}]},{"@type":"WebSite","@id":"https:\/\/prefetsvalais.ch\/#website","url":"https:\/\/prefetsvalais.ch\/","name":"Pr\u00e9fets du Valais","description":"","publisher":{"@id":"https:\/\/prefetsvalais.ch\/#organization"},"potentialAction":[{"@type":"SearchAction","target":{"@type":"EntryPoint","urlTemplate":"https:\/\/prefetsvalais.ch\/?s={search_term_string}"},"query-input":{"@type":"PropertyValueSpecification","valueRequired":true,"valueName":"search_term_string"}}],"inLanguage":"de"},{"@type":"Organization","@id":"https:\/\/prefetsvalais.ch\/#organization","name":"Pr\u00e9fets du Valais","url":"https:\/\/prefetsvalais.ch\/","logo":{"@type":"ImageObject","inLanguage":"de","@id":"https:\/\/prefetsvalais.ch\/#\/schema\/logo\/image\/","url":"https:\/\/prefetsvalais.ch\/wp-content\/uploads\/2020\/08\/logo-prefets.png","contentUrl":"https:\/\/prefetsvalais.ch\/wp-content\/uploads\/2020\/08\/logo-prefets.png","width":600,"height":252,"caption":"Pr\u00e9fets du Valais"},"image":{"@id":"https:\/\/prefetsvalais.ch\/#\/schema\/logo\/image\/"}}]}},"_links":{"self":[{"href":"https:\/\/prefetsvalais.ch\/de\/wp-json\/wp\/v2\/pages\/166","targetHints":{"allow":["GET"]}}],"collection":[{"href":"https:\/\/prefetsvalais.ch\/de\/wp-json\/wp\/v2\/pages"}],"about":[{"href":"https:\/\/prefetsvalais.ch\/de\/wp-json\/wp\/v2\/types\/page"}],"author":[{"embeddable":true,"href":"https:\/\/prefetsvalais.ch\/de\/wp-json\/wp\/v2\/users\/2"}],"replies":[{"embeddable":true,"href":"https:\/\/prefetsvalais.ch\/de\/wp-json\/wp\/v2\/comments?post=166"}],"version-history":[{"count":5,"href":"https:\/\/prefetsvalais.ch\/de\/wp-json\/wp\/v2\/pages\/166\/revisions"}],"predecessor-version":[{"id":402,"href":"https:\/\/prefetsvalais.ch\/de\/wp-json\/wp\/v2\/pages\/166\/revisions\/402"}],"wp:attachment":[{"href":"https:\/\/prefetsvalais.ch\/de\/wp-json\/wp\/v2\/media?parent=166"}],"curies":[{"name":"wp","href":"https:\/\/api.w.org\/{rel}","templated":true}]}}