{"id":307,"date":"2020-08-25T10:59:18","date_gmt":"2020-08-25T08:59:18","guid":{"rendered":"https:\/\/prefetsvalais.ch\/bezirk-goms\/"},"modified":"2020-12-09T14:09:34","modified_gmt":"2020-12-09T13:09:34","slug":"bezirk-goms","status":"publish","type":"page","link":"https:\/\/prefetsvalais.ch\/de\/bezirk-goms\/","title":{"rendered":"Bezirk Goms"},"content":{"rendered":"<p>[et_pb_section fb_built=&#8220;1&#8243; _builder_version=&#8220;4.4.7&#8243; custom_padding=&#8220;||0px||false|false&#8220;][et_pb_row _builder_version=&#8220;4.4.7&#8243;][et_pb_column type=&#8220;4_4&#8243; _builder_version=&#8220;4.4.7&#8243;][et_pb_text _builder_version=&#8220;4.5.3&#8243; header_font=&#8220;|700|||||||&#8220; header_text_align=&#8220;center&#8220; header_font_size_tablet=&#8220;&#8220; header_font_size_phone=&#8220;&#8220; header_font_size_last_edited=&#8220;on|phone&#8220;]<\/p>\n<h1>Bezirk Goms<\/h1>\n<p>[\/et_pb_text][et_pb_divider _builder_version=&#8220;4.5.3&#8243; _module_preset=&#8220;e550f370-6c0f-432e-84c6-d685878228cd&#8220;][\/et_pb_divider][\/et_pb_column][\/et_pb_row][\/et_pb_section][et_pb_section fb_built=&#8220;1&#8243; _builder_version=&#8220;4.4.7&#8243;][et_pb_row _builder_version=&#8220;4.5.3&#8243; _module_preset=&#8220;default&#8220;][et_pb_column type=&#8220;4_4&#8243; _builder_version=&#8220;4.5.3&#8243; _module_preset=&#8220;default&#8220;][et_pb_text _builder_version=&#8220;4.5.3&#8243; _module_preset=&#8220;default&#8220;]<\/p>\n<p><strong>Hr. Fredy Huber<\/strong>, Pr\u00e4fekt Bezirk Goms<\/p>\n<p>[\/et_pb_text][\/et_pb_column][\/et_pb_row][et_pb_row _builder_version=&#8220;4.4.7&#8243;][et_pb_column type=&#8220;4_4&#8243; _builder_version=&#8220;4.4.7&#8243;][et_pb_text _builder_version=&#8220;4.6.6&#8243; header_2_font=&#8220;|600|||||||&#8220; header_2_text_align=&#8220;center&#8220; hover_enabled=&#8220;0&#8243; header_2_font_size_tablet=&#8220;&#8220; header_2_font_size_phone=&#8220;&#8220; header_2_font_size_last_edited=&#8220;on|phone&#8220; sticky_enabled=&#8220;0&#8243;]<\/p>\n<h3>Was sind ihrer Meinung nach die wichtigsten Vorteile ihres Bezirkes?<\/h3>\n<p>Wundersch\u00f6ne, hochalpine Talschaft mit einer intakten Natur. Das Goms ist \u00a0reich an Kultur, sowohl sakral mit all den Kirchen und Kappellen als auch Theater und Musik mit dem bekannten Musikdorf Ernen.<\/p>\n<p>Besonders bekannt ist unser Bezirk wegen seinem hervorragenden Langlaufgebiet und dem grossen \u00a0alpinen Skigebiet der Aletscharena. Wandern und Mountainbike sind ebenfalls sehr beliebt. Gesch\u00e4tzt wird das Goms auch f\u00fcr seine Gastronomie. Der bekannte Hotelier C\u00e4sar Ritz stammte aus Niederwald.<\/p>\n<p>&nbsp;<\/p>\n<h3>Welches der Projekte in ihrem Bezirk hat Sie am meisten beeindruckt?<\/h3>\n<p>Allen voran der Furka-Basistunnel er\u00f6ffnet 1982. Dazu die Furka-Bergstrecke der Dampfbahn von Oberwald nach Realp \u00fcber den Furkapass. Die hervorragende Erschliessung der 3 Alpenp\u00e4sse Furka, Grimsel und Nufenen beeindruckt ebenfals sehr.<\/p>\n<p>Als Vorzeigeprojekt gilt auch der neu er\u00f6ffnete \u00f6V-HUB in Fiesch wo der \u00f6ffentliche Verkehr mit Zug, Bus und Gondelbahn an einem Standort vereint wird.<\/p>\n<p>Die Nutzung der Wasserkraft im Goms ist ebenfalls vorbildlich. Der Landschaftspark Binn ist ein regionaler Park und Lebensraum einer Vielfalt von Tieren , Pflanzen , Alpweiden, Mooren\u00a0 Bergseen und von nationaler Bedeutung.<\/p>\n<p>Das UNESCO Weltnaturerbegebiet Jungfrau -Aletsch mit dem Grossen Aletschgletscher im Mittelpunkt ist einmalig.<\/p>\n<p>&nbsp;<\/p>\n<h3>Welche Projekte m\u00f6chten Sie in ihrem Bezirk entwickeln lassen?<\/h3>\n<p>Das Schneesportzentrum Goms mit dem nordischen Zentrum im Obergoms und dem alpinen in Fiesch.<\/p>\n<p>Eine neue Erschliessung des Eggishorns und der Gemeinde Bellwald vom \u00f6V-HUB Fiesch aus.<\/p>\n<p>F\u00fcr den Tourismus, das Gewerbe und die Bev\u00f6lkerung ist der Ausbau und die Wintersicherheit der H19 \u00e4usserst wichtig und gleichsam die Sicherung unserer Existenz.<\/p>\n<p>Die Realsierung der Grimselbahn zwischen Meiringen und Oberwald.<\/p>\n<p>Die Fusionierung der Gemeinden Bellwald, Binn, Ernen, Lax, Fieschertal und Fiesch zur Gemeinde Unnergoms.<\/p>\n<p>[\/et_pb_text][\/et_pb_column][\/et_pb_row][\/et_pb_section]<\/p>\n","protected":false},"excerpt":{"rendered":"<p>Bezirk GomsHr. Fredy Huber, Pr\u00e4fekt Bezirk GomsWas sind ihrer Meinung nach die wichtigsten Vorteile ihres Bezirkes? Wundersch\u00f6ne, hochalpine Talschaft mit einer intakten Natur. Das Goms ist \u00a0reich an Kultur, sowohl sakral mit all den Kirchen und Kappellen als auch Theater und Musik mit dem bekannten Musikdorf Ernen. Besonders bekannt ist unser Bezirk wegen seinem hervorragenden [&hellip;]<\/p>\n","protected":false},"author":2,"featured_media":0,"parent":0,"menu_order":0,"comment_status":"closed","ping_status":"closed","template":"","meta":{"_et_pb_use_builder":"on","_et_pb_old_content":"","_et_gb_content_width":"","footnotes":""},"class_list":["post-307","page","type-page","status-publish","hentry"],"yoast_head":"<!-- This site is optimized with the Yoast SEO plugin v27.2 - https:\/\/yoast.com\/product\/yoast-seo-wordpress\/ -->\n<title>Bezirk Goms - Pr\u00e9fets du Valais<\/title>\n<meta name=\"description\" content=\"Finden Sie auf unseren Seiten alle Erfahrungen der Pr\u00e4fekten und Pr\u00e4sidenten der Walliser Gemeinden.\" \/>\n<meta name=\"robots\" content=\"index, follow, max-snippet:-1, max-image-preview:large, max-video-preview:-1\" \/>\n<link rel=\"canonical\" href=\"https:\/\/prefetsvalais.ch\/de\/bezirk-goms\/\" \/>\n<meta property=\"og:locale\" content=\"de_DE\" \/>\n<meta property=\"og:type\" content=\"article\" \/>\n<meta property=\"og:title\" content=\"Bezirk Goms - Pr\u00e9fets du Valais\" \/>\n<meta property=\"og:description\" content=\"Finden Sie auf unseren Seiten alle Erfahrungen der Pr\u00e4fekten und Pr\u00e4sidenten der Walliser Gemeinden.\" \/>\n<meta property=\"og:url\" content=\"https:\/\/prefetsvalais.ch\/de\/bezirk-goms\/\" \/>\n<meta property=\"og:site_name\" content=\"Pr\u00e9fets du Valais\" \/>\n<meta property=\"article:modified_time\" content=\"2020-12-09T13:09:34+00:00\" \/>\n<meta name=\"twitter:card\" content=\"summary_large_image\" \/>\n<meta name=\"twitter:label1\" content=\"Gesch\u00e4tzte Lesezeit\" \/>\n\t<meta name=\"twitter:data1\" content=\"2\u00a0Minuten\" \/>\n<script type=\"application\/ld+json\" class=\"yoast-schema-graph\">{\"@context\":\"https:\/\/schema.org\",\"@graph\":[{\"@type\":\"WebPage\",\"@id\":\"https:\/\/prefetsvalais.ch\/de\/bezirk-goms\/\",\"url\":\"https:\/\/prefetsvalais.ch\/de\/bezirk-goms\/\",\"name\":\"Bezirk Goms - Pr\u00e9fets du Valais\",\"isPartOf\":{\"@id\":\"https:\/\/prefetsvalais.ch\/#website\"},\"datePublished\":\"2020-08-25T08:59:18+00:00\",\"dateModified\":\"2020-12-09T13:09:34+00:00\",\"description\":\"Finden Sie auf unseren Seiten alle Erfahrungen der Pr\u00e4fekten und Pr\u00e4sidenten der Walliser Gemeinden.\",\"breadcrumb\":{\"@id\":\"https:\/\/prefetsvalais.ch\/de\/bezirk-goms\/#breadcrumb\"},\"inLanguage\":\"de\",\"potentialAction\":[{\"@type\":\"ReadAction\",\"target\":[\"https:\/\/prefetsvalais.ch\/de\/bezirk-goms\/\"]}]},{\"@type\":\"BreadcrumbList\",\"@id\":\"https:\/\/prefetsvalais.ch\/de\/bezirk-goms\/#breadcrumb\",\"itemListElement\":[{\"@type\":\"ListItem\",\"position\":1,\"name\":\"Accueil\",\"item\":\"https:\/\/prefetsvalais.ch\/\"},{\"@type\":\"ListItem\",\"position\":2,\"name\":\"Bezirk Goms\"}]},{\"@type\":\"WebSite\",\"@id\":\"https:\/\/prefetsvalais.ch\/#website\",\"url\":\"https:\/\/prefetsvalais.ch\/\",\"name\":\"Pr\u00e9fets du Valais\",\"description\":\"\",\"publisher\":{\"@id\":\"https:\/\/prefetsvalais.ch\/#organization\"},\"potentialAction\":[{\"@type\":\"SearchAction\",\"target\":{\"@type\":\"EntryPoint\",\"urlTemplate\":\"https:\/\/prefetsvalais.ch\/?s={search_term_string}\"},\"query-input\":{\"@type\":\"PropertyValueSpecification\",\"valueRequired\":true,\"valueName\":\"search_term_string\"}}],\"inLanguage\":\"de\"},{\"@type\":\"Organization\",\"@id\":\"https:\/\/prefetsvalais.ch\/#organization\",\"name\":\"Pr\u00e9fets du Valais\",\"url\":\"https:\/\/prefetsvalais.ch\/\",\"logo\":{\"@type\":\"ImageObject\",\"inLanguage\":\"de\",\"@id\":\"https:\/\/prefetsvalais.ch\/#\/schema\/logo\/image\/\",\"url\":\"https:\/\/prefetsvalais.ch\/wp-content\/uploads\/2020\/08\/logo-prefets.png\",\"contentUrl\":\"https:\/\/prefetsvalais.ch\/wp-content\/uploads\/2020\/08\/logo-prefets.png\",\"width\":600,\"height\":252,\"caption\":\"Pr\u00e9fets du Valais\"},\"image\":{\"@id\":\"https:\/\/prefetsvalais.ch\/#\/schema\/logo\/image\/\"}}]}<\/script>\n<!-- \/ Yoast SEO plugin. -->","yoast_head_json":{"title":"Bezirk Goms - Pr\u00e9fets du Valais","description":"Finden Sie auf unseren Seiten alle Erfahrungen der Pr\u00e4fekten und Pr\u00e4sidenten der Walliser Gemeinden.","robots":{"index":"index","follow":"follow","max-snippet":"max-snippet:-1","max-image-preview":"max-image-preview:large","max-video-preview":"max-video-preview:-1"},"canonical":"https:\/\/prefetsvalais.ch\/de\/bezirk-goms\/","og_locale":"de_DE","og_type":"article","og_title":"Bezirk Goms - Pr\u00e9fets du Valais","og_description":"Finden Sie auf unseren Seiten alle Erfahrungen der Pr\u00e4fekten und Pr\u00e4sidenten der Walliser Gemeinden.","og_url":"https:\/\/prefetsvalais.ch\/de\/bezirk-goms\/","og_site_name":"Pr\u00e9fets du Valais","article_modified_time":"2020-12-09T13:09:34+00:00","twitter_card":"summary_large_image","twitter_misc":{"Gesch\u00e4tzte Lesezeit":"2\u00a0Minuten"},"schema":{"@context":"https:\/\/schema.org","@graph":[{"@type":"WebPage","@id":"https:\/\/prefetsvalais.ch\/de\/bezirk-goms\/","url":"https:\/\/prefetsvalais.ch\/de\/bezirk-goms\/","name":"Bezirk Goms - Pr\u00e9fets du Valais","isPartOf":{"@id":"https:\/\/prefetsvalais.ch\/#website"},"datePublished":"2020-08-25T08:59:18+00:00","dateModified":"2020-12-09T13:09:34+00:00","description":"Finden Sie auf unseren Seiten alle Erfahrungen der Pr\u00e4fekten und Pr\u00e4sidenten der Walliser Gemeinden.","breadcrumb":{"@id":"https:\/\/prefetsvalais.ch\/de\/bezirk-goms\/#breadcrumb"},"inLanguage":"de","potentialAction":[{"@type":"ReadAction","target":["https:\/\/prefetsvalais.ch\/de\/bezirk-goms\/"]}]},{"@type":"BreadcrumbList","@id":"https:\/\/prefetsvalais.ch\/de\/bezirk-goms\/#breadcrumb","itemListElement":[{"@type":"ListItem","position":1,"name":"Accueil","item":"https:\/\/prefetsvalais.ch\/"},{"@type":"ListItem","position":2,"name":"Bezirk Goms"}]},{"@type":"WebSite","@id":"https:\/\/prefetsvalais.ch\/#website","url":"https:\/\/prefetsvalais.ch\/","name":"Pr\u00e9fets du Valais","description":"","publisher":{"@id":"https:\/\/prefetsvalais.ch\/#organization"},"potentialAction":[{"@type":"SearchAction","target":{"@type":"EntryPoint","urlTemplate":"https:\/\/prefetsvalais.ch\/?s={search_term_string}"},"query-input":{"@type":"PropertyValueSpecification","valueRequired":true,"valueName":"search_term_string"}}],"inLanguage":"de"},{"@type":"Organization","@id":"https:\/\/prefetsvalais.ch\/#organization","name":"Pr\u00e9fets du Valais","url":"https:\/\/prefetsvalais.ch\/","logo":{"@type":"ImageObject","inLanguage":"de","@id":"https:\/\/prefetsvalais.ch\/#\/schema\/logo\/image\/","url":"https:\/\/prefetsvalais.ch\/wp-content\/uploads\/2020\/08\/logo-prefets.png","contentUrl":"https:\/\/prefetsvalais.ch\/wp-content\/uploads\/2020\/08\/logo-prefets.png","width":600,"height":252,"caption":"Pr\u00e9fets du Valais"},"image":{"@id":"https:\/\/prefetsvalais.ch\/#\/schema\/logo\/image\/"}}]}},"_links":{"self":[{"href":"https:\/\/prefetsvalais.ch\/de\/wp-json\/wp\/v2\/pages\/307","targetHints":{"allow":["GET"]}}],"collection":[{"href":"https:\/\/prefetsvalais.ch\/de\/wp-json\/wp\/v2\/pages"}],"about":[{"href":"https:\/\/prefetsvalais.ch\/de\/wp-json\/wp\/v2\/types\/page"}],"author":[{"embeddable":true,"href":"https:\/\/prefetsvalais.ch\/de\/wp-json\/wp\/v2\/users\/2"}],"replies":[{"embeddable":true,"href":"https:\/\/prefetsvalais.ch\/de\/wp-json\/wp\/v2\/comments?post=307"}],"version-history":[{"count":5,"href":"https:\/\/prefetsvalais.ch\/de\/wp-json\/wp\/v2\/pages\/307\/revisions"}],"predecessor-version":[{"id":493,"href":"https:\/\/prefetsvalais.ch\/de\/wp-json\/wp\/v2\/pages\/307\/revisions\/493"}],"wp:attachment":[{"href":"https:\/\/prefetsvalais.ch\/de\/wp-json\/wp\/v2\/media?parent=307"}],"curies":[{"name":"wp","href":"https:\/\/api.w.org\/{rel}","templated":true}]}}