{"id":74,"date":"2020-06-09T11:25:41","date_gmt":"2020-06-09T11:25:41","guid":{"rendered":"https:\/\/prefetsvalais.ch\/startseite\/"},"modified":"2026-02-12T13:09:40","modified_gmt":"2026-02-12T12:09:40","slug":"startseite","status":"publish","type":"page","link":"https:\/\/prefetsvalais.ch\/de\/","title":{"rendered":"Startseite"},"content":{"rendered":"<p>[et_pb_section fb_built=&#8220;1&#8243; custom_padding_last_edited=&#8220;on|phone&#8220; _builder_version=&#8220;4.16&#8243; background_image=&#8220;https:\/\/prefetsvalais.ch\/wp-content\/uploads\/2020\/06\/hero-image.jpg&#8220; custom_padding=&#8220;250px||250px||false|false&#8220; custom_padding_tablet=&#8220;150px||150px||false|false&#8220; custom_padding_phone=&#8220;100px||100px||false|false&#8220; global_colors_info=&#8220;{}&#8220;][et_pb_row _builder_version=&#8220;4.16&#8243; global_colors_info=&#8220;{}&#8220;][et_pb_column type=&#8220;4_4&#8243; _builder_version=&#8220;4.16&#8243; global_colors_info=&#8220;{}&#8220;][et_pb_text _builder_version=&#8220;4.16&#8243; header_font=&#8220;|300|||||||&#8220; header_text_align=&#8220;center&#8220; header_text_color=&#8220;#ffffff&#8220; header_font_size=&#8220;75px&#8220; header_letter_spacing=&#8220;3px&#8220; header_font_size_tablet=&#8220;51px&#8220; header_font_size_phone=&#8220;40px&#8220; header_text_shadow_style=&#8220;preset1&#8243; header_text_shadow_vertical_length=&#8220;0.05em&#8220; header_text_shadow_blur_strength=&#8220;0.05em&#8220; header_text_shadow_color=&#8220;#000000&#8243; global_colors_info=&#8220;{}&#8220;]<\/p>\n<h1>Vereinigung der Pr\u00e4fekten der Republik und des Kantons Wallis<\/h1>\n<p>[\/et_pb_text][\/et_pb_column][\/et_pb_row][\/et_pb_section][et_pb_section fb_built=&#8220;1&#8243; custom_padding_last_edited=&#8220;on|phone&#8220; _builder_version=&#8220;4.16&#8243; custom_padding=&#8220;0px||0px||false|false&#8220; custom_padding_tablet=&#8220;0px||50px||false|false&#8220; custom_padding_phone=&#8220;&#8220; global_colors_info=&#8220;{}&#8220;][et_pb_row column_structure=&#8220;1_4,1_4,1_4,1_4&#8243; use_custom_gutter=&#8220;on&#8220; gutter_width=&#8220;2&#8243; make_equal=&#8220;on&#8220; _builder_version=&#8220;4.16&#8243; background_color=&#8220;#ffffff&#8220; vertical_offset=&#8220;-100px&#8220; custom_margin=&#8220;||||false|false&#8220; custom_padding=&#8220;0px||0px|0px|false|false&#8220; border_color_bottom=&#8220;#dddddd&#8220; box_shadow_style=&#8220;preset1&#8243; box_shadow_vertical=&#8220;1px&#8220; box_shadow_blur=&#8220;8px&#8220; global_colors_info=&#8220;{}&#8220;][et_pb_column type=&#8220;1_4&#8243; _builder_version=&#8220;4.16&#8243; global_colors_info=&#8220;{}&#8220;][et_pb_blurb image=&#8220;https:\/\/prefetsvalais.ch\/wp-content\/uploads\/2020\/06\/chain.png&#8220; image_icon_width=&#8220;30%&#8220; image_icon_width_tablet=&#8220;28%&#8220; image_icon_width_phone=&#8220;28%&#8220; image_icon_width_last_edited=&#8220;on|phone&#8220; _builder_version=&#8220;4.16&#8243; text_orientation=&#8220;center&#8220; custom_padding=&#8220;25px|15px|25px|15px|false|false&#8220; border_color_right=&#8220;#e2e2e2&#8243; image_max_width=&#8220;30%&#8220; image_max_width_tablet=&#8220;28%&#8220; image_max_width_phone=&#8220;&#8220; image_max_width_last_edited=&#8220;on|phone&#8220; global_colors_info=&#8220;{}&#8220;]<\/p>\n<p>Die Regierung des Kantons Wallis hat in jedem Bezirk einen Vertreter unter dem Namen Pr\u00e4fekt und Vizepr\u00e4fekt*.<\/p>\n<p><\/p>\n<p>*die Funktionen der Pr\u00e4fekten und Vizepr\u00e4fekten sind die gleichen, ob sie von einem Mann oder einer Frau ausge\u00fcbt werden<\/p>\n<p>[\/et_pb_blurb][\/et_pb_column][et_pb_column type=&#8220;1_4&#8243; _builder_version=&#8220;4.16&#8243; global_colors_info=&#8220;{}&#8220;][et_pb_blurb image=&#8220;https:\/\/prefetsvalais.ch\/wp-content\/uploads\/2020\/06\/gear.png&#8220; image_icon_width=&#8220;30%&#8220; image_icon_width_tablet=&#8220;28%&#8220; image_icon_width_phone=&#8220;28%&#8220; image_icon_width_last_edited=&#8220;on|phone&#8220; _builder_version=&#8220;4.16&#8243; text_orientation=&#8220;center&#8220; custom_padding=&#8220;25px|15px|25px|15px|false|false&#8220; image_max_width=&#8220;30%&#8220; image_max_width_tablet=&#8220;28%&#8220; image_max_width_phone=&#8220;&#8220; image_max_width_last_edited=&#8220;on|phone&#8220; global_colors_info=&#8220;{}&#8220;]<\/p>\n<p>Sie werden von der Vereinigung der Pr\u00e4fekten der Republik und des Kantons Wallis organisiert und, falls erforderlich, vertreten<\/p>\n<p>[\/et_pb_blurb][\/et_pb_column][et_pb_column type=&#8220;1_4&#8243; _builder_version=&#8220;4.16&#8243; global_colors_info=&#8220;{}&#8220;][et_pb_blurb image=&#8220;https:\/\/prefetsvalais.ch\/wp-content\/uploads\/2020\/06\/bank.png&#8220; image_icon_width=&#8220;30%&#8220; image_icon_width_tablet=&#8220;28%&#8220; image_icon_width_phone=&#8220;28%&#8220; image_icon_width_last_edited=&#8220;on|phone&#8220; _builder_version=&#8220;4.16&#8243; text_orientation=&#8220;center&#8220; custom_padding=&#8220;25px|15px|25px|15px|false|false&#8220; image_max_width=&#8220;30%&#8220; image_max_width_tablet=&#8220;28%&#8220; image_max_width_phone=&#8220;&#8220; image_max_width_last_edited=&#8220;on|phone&#8220; global_colors_info=&#8220;{}&#8220;]<\/p>\n<p>Der Staatsrat anerkennt einzig diese Vereinigung als Gespr\u00e4chspartner<\/p>\n<p>[\/et_pb_blurb][\/et_pb_column][et_pb_column type=&#8220;1_4&#8243; _builder_version=&#8220;4.16&#8243; global_colors_info=&#8220;{}&#8220;][et_pb_blurb image=&#8220;https:\/\/prefetsvalais.ch\/wp-content\/uploads\/2020\/06\/gavel.png&#8220; image_icon_width=&#8220;30%&#8220; image_icon_width_tablet=&#8220;28%&#8220; image_icon_width_phone=&#8220;28%&#8220; image_icon_width_last_edited=&#8220;on|phone&#8220; _builder_version=&#8220;4.16&#8243; text_orientation=&#8220;center&#8220; custom_padding=&#8220;25px|15px|25px|15px|false|false&#8220; image_max_width=&#8220;30%&#8220; image_max_width_tablet=&#8220;28%&#8220; image_max_width_phone=&#8220;&#8220; image_max_width_last_edited=&#8220;on|phone&#8220; global_colors_info=&#8220;{}&#8220;]<\/p>\n<p>Der Staatsrat ernennt und vereidigt sie auf Vorschlag des f\u00fcr die Institutionen zust\u00e4ndigen Departements Vorstehers Er entscheidet \u00fcber ihr R\u00fccktrittsgesuch und spricht gegebenenfalls ihre Entlassung aus.<\/p>\n<p>[\/et_pb_blurb][\/et_pb_column][\/et_pb_row][\/et_pb_section][et_pb_section fb_built=&#8220;1&#8243; _builder_version=&#8220;4.16&#8243; custom_padding=&#8220;0px||||false|false&#8220; global_colors_info=&#8220;{}&#8220;][et_pb_row column_structure=&#8220;1_2,1_4,1_4&#8243; _builder_version=&#8220;4.16&#8243; global_colors_info=&#8220;{}&#8220;][et_pb_column type=&#8220;1_2&#8243; _builder_version=&#8220;4.16&#8243; global_colors_info=&#8220;{}&#8220;][et_pb_text _builder_version=&#8220;4.16&#8243; header_3_font=&#8220;|600|||||||&#8220; header_3_text_align=&#8220;left&#8220; header_3_line_height=&#8220;1.4em&#8220; custom_margin=&#8220;130px||||false|false&#8220; custom_margin_tablet=&#8220;0px||||false|false&#8220; custom_margin_phone=&#8220;&#8220; custom_margin_last_edited=&#8220;on|phone&#8220; header_3_line_height_tablet=&#8220;&#8220; header_3_line_height_phone=&#8220;&#8220; header_3_line_height_last_edited=&#8220;on|phone&#8220; global_colors_info=&#8220;{}&#8220;]<\/p>\n<h3>Nebenstehend finden Sie einen \u00dcberblick \u00fcber die verschiedenen Rollen und Aufgaben, die den Pr\u00e4fekten zugewiesen und durch Gesetz und Gewohnheit bestimmt sind.<\/h3>\n<p><\/p>\n<p>&nbsp;<\/p>\n<p><\/p>\n<p>Die Pr\u00e4fekten sind insbesondere verantwortlich f\u00fcr:<\/p>\n<p>[\/et_pb_text][\/et_pb_column][et_pb_column type=&#8220;1_4&#8243; _builder_version=&#8220;4.16&#8243; global_colors_info=&#8220;{}&#8220;][et_pb_blurb title=&#8220;Koordination&#8220; image=&#8220;https:\/\/prefetsvalais.ch\/wp-content\/uploads\/2020\/06\/gear-1.png&#8220; image_icon_width=&#8220;30%&#8220; image_icon_width_tablet=&#8220;30%&#8220; image_icon_width_phone=&#8220;30%&#8220; image_icon_width_last_edited=&#8220;on|phone&#8220; _builder_version=&#8220;4.16&#8243; header_font=&#8220;|700|||||||&#8220; header_text_color=&#8220;#e02b20&#8243; header_line_height=&#8220;1.2em&#8220; image_max_width=&#8220;30%&#8220; image_max_width_tablet=&#8220;&#8220; image_max_width_phone=&#8220;&#8220; image_max_width_last_edited=&#8220;on|phone&#8220; global_colors_info=&#8220;{}&#8220;]<\/p>\n<p>Die Koordination zwischen den Gemeinden und dem Staatsrat oder der kantonalen Verwaltung<\/p>\n<p>[\/et_pb_blurb][et_pb_blurb title=&#8220;Vorsitz&#8220; image=&#8220;https:\/\/prefetsvalais.ch\/wp-content\/uploads\/2020\/06\/star.png&#8220; image_icon_width=&#8220;30%&#8220; image_icon_width_tablet=&#8220;30%&#8220; image_icon_width_phone=&#8220;30%&#8220; image_icon_width_last_edited=&#8220;on|phone&#8220; _builder_version=&#8220;4.16&#8243; header_font=&#8220;|700|||||||&#8220; header_text_color=&#8220;#e02b20&#8243; header_line_height=&#8220;1.2em&#8220; image_max_width=&#8220;30%&#8220; image_max_width_tablet=&#8220;&#8220; image_max_width_phone=&#8220;&#8220; image_max_width_last_edited=&#8220;on|phone&#8220; global_colors_info=&#8220;{}&#8220;]<\/p>\n<p>Den Vorsitz der Pr\u00e4sidentenkonferenzen sowie den Vorsitz bei Institutionen in ihrem Bezirk<\/p>\n<p>[\/et_pb_blurb][\/et_pb_column][et_pb_column type=&#8220;1_4&#8243; _builder_version=&#8220;4.16&#8243; global_colors_info=&#8220;{}&#8220;][et_pb_blurb title=&#8220;Vermittlung&#8220; image=&#8220;https:\/\/prefetsvalais.ch\/wp-content\/uploads\/2020\/06\/talk.png&#8220; image_icon_width=&#8220;30%&#8220; image_icon_width_tablet=&#8220;30%&#8220; image_icon_width_phone=&#8220;30%&#8220; image_icon_width_last_edited=&#8220;on|phone&#8220; _builder_version=&#8220;4.16&#8243; header_font=&#8220;|700|||||||&#8220; header_text_color=&#8220;#e02b20&#8243; header_line_height=&#8220;1.2em&#8220; image_max_width=&#8220;30%&#8220; image_max_width_tablet=&#8220;&#8220; image_max_width_phone=&#8220;&#8220; image_max_width_last_edited=&#8220;on|phone&#8220; global_colors_info=&#8220;{}&#8220;]<\/p>\n<p>die Vermittlung zwischen den Beh\u00f6rden oder zwischen den B\u00fcrgern und dem Staat oder den Gemeinden<\/p>\n<p>[\/et_pb_blurb][et_pb_blurb title=&#8220;Vertretung&#8220; image=&#8220;https:\/\/prefetsvalais.ch\/wp-content\/uploads\/2020\/06\/users.png&#8220; image_icon_width=&#8220;30%&#8220; image_icon_width_tablet=&#8220;30%&#8220; image_icon_width_phone=&#8220;30%&#8220; image_icon_width_last_edited=&#8220;on|phone&#8220; _builder_version=&#8220;4.16&#8243; header_font=&#8220;|700|||||||&#8220; header_text_color=&#8220;#e02b20&#8243; header_line_height=&#8220;1.2em&#8220; image_max_width=&#8220;30%&#8220; image_max_width_tablet=&#8220;&#8220; image_max_width_phone=&#8220;&#8220; image_max_width_last_edited=&#8220;on|phone&#8220; global_colors_info=&#8220;{}&#8220;]<\/p>\n<p>Die Vertretung des Staatsrates, wenn er von diesem delegiert wird<\/p>\n<p>[\/et_pb_blurb][\/et_pb_column][\/et_pb_row][\/et_pb_section][et_pb_section fb_built=&#8220;1&#8243; _builder_version=&#8220;4.16&#8243; _module_preset=&#8220;default&#8220; global_colors_info=&#8220;{}&#8220;][et_pb_row _builder_version=&#8220;4.16&#8243; _module_preset=&#8220;default&#8220; global_colors_info=&#8220;{}&#8220;][et_pb_column type=&#8220;4_4&#8243; _builder_version=&#8220;4.16&#8243; _module_preset=&#8220;default&#8220; global_colors_info=&#8220;{}&#8220;][et_pb_testimonial portrait_url=&#8220;https:\/\/prefetsvalais.ch\/wp-content\/uploads\/2023\/07\/Matthias-Salzmann-246&#215;300.jpg&#8220; quote_icon_color=&#8220;#e02b20&#8243; _builder_version=&#8220;4.27.4&#8243; _module_preset=&#8220;default&#8220; global_colors_info=&#8220;{}&#8220;]<\/p>\n<p>Seit der letzten Generalversammlung im August 2023 liegt das Amt nach vielen Jahren wieder in den H\u00e4nden des Oberwallis. Ich nutze diese Gelegenheit, um meinen Kollegen aus dem Unterwallis f\u00fcr das mir entgegengebrachte Vertrauen zu danken.<\/p>\n<p>Am 4. April 1972 wurde die Vereinigung der Pr\u00e4fekten der Republik und des Kantons Wallis gegr\u00fcndet. Seitdem wurden mehrere Dokumente verfasst, \u00fcberarbeitet und ver\u00f6ffentlicht. All diese Dokumente f\u00fchrten zur Ratifizierung und Unterzeichnung der \u00abCharta der Pr\u00e4fekten\u00bb durch den Staatsrat am 23. Mai 2018. Diese Charta fasst die gesetzlichen Befugnisse der Pr\u00e4fekten in 15 verschiedenen Gesetzen, Verordnungen und Reglementen in den unterschiedlichsten Bereichen zusammen.<\/p>\n<p>Ich bin nach wie vor davon \u00fcberzeugt, dass die Funktion des Pr\u00e4fekten als Botschafter und Vermittler zwischen dem Staatsrat, der Kantonsverwaltung und den Gemeinden eine wichtige Rolle spielt.<\/p>\n<p>Unser Verband ist eine Kooperation, eine Institution im Dienste des Staates und der Gemeinden, die sich f\u00fcr verschiedene Projekte engagiert, wie Pr\u00e4sidialkonferenzen, interkommunale Kooperationen, Stiftungen, Wahlen, Agglomerationen, Wirtschafts- und Energiepilotprojekte, Gesundheitspolitik, Vertretungen des Staatsrats und vieles mehr. All dies geschieht auf neutrale Weise und mit dem einzigen Ziel, stets das Wohl unseres Kantons, unserer Gemeinden oder Teile davon zu verteidigen und pers\u00f6nliche Interessen au\u00dfer Acht zu lassen.<\/p>\n<p>Unsere Rolle als Koordinator, Vermittler zwischen Gemeinden, Bezirken und Regionen, als Pr\u00e4sident von Institutionen oder Gemeindeverb\u00e4nden, als Vertreter des Staates und als Vermittler wird in der heutigen Gesellschaft f\u00fcr alle immer wichtiger und n\u00fctzlicher. Die derzeitige Aufteilung der Wahlkreise mit den regelm\u00e4ssig stattfindenden Konferenzen der Gemeindepr\u00e4sidenten gew\u00e4hrleistet einen aktuellen und regionalen Austausch zwischen und mit den Gemeindepr\u00e4sidenten, was f\u00fcr die regionale Entwicklung unerl\u00e4sslich ist. Die Aufgaben der Gemeinde werden immer komplexer und gehen oft \u00fcber die Grenzen der Gemeinde hinaus, was die Bedeutung der interkommunalen Zusammenarbeit und Koordination verst\u00e4rkt.<\/p>\n<p>Nach der klaren Abstimmung des Walliser Volkes \u00fcber die bestehende Verfassung am 3. M\u00e4rz 2024 bleibt unser Status als Pr\u00e4fekten erhalten. Die Bedeutung unserer Funktion bleibt bestehen, und wir werden sie weiterhin gewissenhaft im Interesse der \u00d6ffentlichkeit wahrnehmen.<\/p>\n<p>Salzmann Matthias<\/p>\n<p>Pr\u00e4sident Vereinigung der Pr\u00e4fekten der Republik<\/p>\n<p>[\/et_pb_testimonial][et_pb_testimonial author=&#8220;Bernard Monnet&#8220; job_title=&#8220;Pr\u00e4sident der Vereinigung seit 2020&#8243; portrait_url=&#8220;https:\/\/prefetsvalais.ch\/wp-content\/uploads\/2023\/07\/Bernard-Monnet-245&#215;300.jpg&#8220; quote_icon_color=&#8220;#e02b20&#8243; _builder_version=&#8220;4.27.4&#8243; _module_preset=&#8220;default&#8220; global_colors_info=&#8220;{}&#8220;]<\/p>\n<p>\u201eIch habe die Ehre das Pr\u00e4sidium der Walliser Vereinigung der Pr\u00e4fekten zu \u00fcbernehmen, jenes Pr\u00e4sidium welches vor mir die erste Frau, Pr\u00e4fektin Evelyne Crettex Reber von 2016-2020 bekleiden durfte. Einen besonderen Dank geht an meine Kolleg\/innen, die mir das Vertrauen geschenkt haben, sie zu vertreten. Einen weiteren Dank geht an meine Vorstandkollegen f\u00fcr die Begleitung und Unterst\u00fctzung bei diesem Mandat.<\/p>\n<p><\/p>\n<p>Am 4. April 1972 wurde die Vereinigung der Pr\u00e4fekten der Republik und des Kantons Wallis gegr\u00fcndet. Seither wurden mehrere Dokumente verfasst, \u00fcberarbeitet und ver\u00f6ffentlicht. All diese Dokumente f\u00fchrten am 23.Mai 2018 zur Ratifizierung und Unterzeichnung der \u201eCharta der Pr\u00e4fekten\u201c durch den Staatsrat. Diese Charta fasst die rechtlichen Aufgaben der Pr\u00e4fekten aus 15 verschiedenen Gesetzten, Verordnungen und Vorschriften aus den verschiedensten Bereichen zusammen. Sie ist unser Pflichtenheft und eine Art \u201eToolbox\u201c, die die Grunds\u00e4tze, Sorgfaltspflichten und rechtlichen Aufgaben umschreibt.<\/p>\n<p><\/p>\n<p>Speziell danke ich Herrn Staatsrat Fr\u00e9d\u00e9ric Favre, Vorsteher des Departements f\u00fcr Sicherheit, Institutionen und Sport, der hinter diesem Prozess stand, wie auch seinen Mitarbeitern bei der Dienststelle f\u00fcr innere und kommunale Angelegenheiten.<\/p>\n<p><\/p>\n<p>Ein Reglement ist in der Endausarbeitung, um die verschiedenen Mandate zu erg\u00e4nzen, die uns vom Staatsrat bzw. den Gemeinden \u00fcbertragen wurden. Wir warten noch den Entwurf des Verfassungsrates ab, um unsere Einsch\u00e4tzungen abzugeben.<\/p>\n<p><\/p>\n<p>Unsere Vereinigung ist eine Kooperation, eine Institution im Dienste des Staates und der Gemeinden, die sich engagiert im Interesse verschiedener Projekte, wie der Pr\u00e4sidentenkonferenz, der interkommunalen Zusammenarbeiten, der Stiftungen, der Wahlen, der Agglomerationen, der Wirtschafts- und Energiepilotprojekte, der Vertretungen des Staates, \u2026 . Dies alles in einer neutralen Art und Weise und dem einzigen Ziel, immer f\u00fcr das Wohl unseres Kantons, unserer Gemeinden oder Teilen von diesen einzustehen und Eigeninteressen zu ignorieren.<\/p>\n<p><\/p>\n<p>Unsere Rolle als Koordinator, als Vermittler zwischen Gemeinden, den Bezirken und Regionen, als Pr\u00e4sidenten von Institutionen oder Gemeindeverb\u00e4nden, als Vertreter des Staates und dessen Vermittler wird in der gegenw\u00e4rtigen Gesellschaft f\u00fcr alle immer wichtiger und n\u00fctzlicher. Der Respekt vor Institutionen verschlechtert sich und wird h\u00e4ufig durch soziale Live-Netzwerken ersetzt. Somit gehen Diskussion und der gesunde Menschenverstand verloren. Leider f\u00fchrt dies h\u00e4ufig zu Unstimmigkeiten, die einen erheblichen Zeitaufwand erfordern, um zu \u00fcberzeugen, zu beruhigen und einen ausgewogenen Zustand wiederherzustellen.<\/p>\n<p><\/p>\n<p>Die Notwendigkeit unserer Funktion muss nicht mehr nachgewiesen werden, dies ist offensichtlich, und wird in Zukunft sicherlich f\u00fcr andere Entwicklungen erforderlich sein.\u201c<\/p>\n<p>[\/et_pb_testimonial][\/et_pb_column][\/et_pb_row][\/et_pb_section][et_pb_section fb_built=&#8220;1&#8243; _builder_version=&#8220;4.16&#8243; _module_preset=&#8220;default&#8220; global_colors_info=&#8220;{}&#8220;][\/et_pb_section]<\/p>\n","protected":false},"excerpt":{"rendered":"<p>Vereinigung der Pr\u00e4fekten der Republik und des Kantons WallisDie Regierung des Kantons Wallis hat in jedem Bezirk einen Vertreter unter dem Namen Pr\u00e4fekt und Vizepr\u00e4fekt*.*die Funktionen der Pr\u00e4fekten und Vizepr\u00e4fekten sind die gleichen, ob sie von einem Mann oder einer Frau ausge\u00fcbt werdenSie werden von der Vereinigung der Pr\u00e4fekten der Republik und des Kantons Wallis [&hellip;]<\/p>\n","protected":false},"author":2,"featured_media":0,"parent":0,"menu_order":0,"comment_status":"closed","ping_status":"closed","template":"","meta":{"_et_pb_use_builder":"on","_et_pb_old_content":"","_et_gb_content_width":"","footnotes":""},"class_list":["post-74","page","type-page","status-publish","hentry"],"yoast_head":"<!-- This site is optimized with the Yoast SEO plugin v27.3 - https:\/\/yoast.com\/product\/yoast-seo-wordpress\/ -->\n<title>Startseite - Pr\u00e9fets du Valais<\/title>\n<meta name=\"description\" content=\"Die Regierung des Kantons Wallis hat in jedem Bezirk einen Vertreter unter dem Namen Pr\u00e4fekt und Vizepr\u00e4fekt\" \/>\n<meta name=\"robots\" content=\"index, follow, max-snippet:-1, max-image-preview:large, max-video-preview:-1\" \/>\n<link rel=\"canonical\" href=\"https:\/\/prefetsvalais.ch\/\" \/>\n<meta property=\"og:locale\" content=\"de_DE\" \/>\n<meta property=\"og:type\" content=\"article\" \/>\n<meta property=\"og:title\" content=\"Startseite - Pr\u00e9fets du Valais\" \/>\n<meta property=\"og:description\" content=\"Die Regierung des Kantons Wallis hat in jedem Bezirk einen Vertreter unter dem Namen Pr\u00e4fekt und Vizepr\u00e4fekt\" \/>\n<meta property=\"og:url\" content=\"https:\/\/prefetsvalais.ch\/\" \/>\n<meta property=\"og:site_name\" content=\"Pr\u00e9fets du Valais\" \/>\n<meta property=\"article:modified_time\" content=\"2026-02-12T12:09:40+00:00\" \/>\n<meta name=\"twitter:card\" content=\"summary_large_image\" \/>\n<meta name=\"twitter:label1\" content=\"Gesch\u00e4tzte Lesezeit\" \/>\n\t<meta name=\"twitter:data1\" content=\"10\u00a0Minuten\" \/>\n<script type=\"application\/ld+json\" class=\"yoast-schema-graph\">{\"@context\":\"https:\\\/\\\/schema.org\",\"@graph\":[{\"@type\":\"WebPage\",\"@id\":\"https:\\\/\\\/prefetsvalais.ch\\\/\",\"url\":\"https:\\\/\\\/prefetsvalais.ch\\\/\",\"name\":\"Startseite - Pr\u00e9fets du Valais\",\"isPartOf\":{\"@id\":\"https:\\\/\\\/prefetsvalais.ch\\\/#website\"},\"datePublished\":\"2020-06-09T11:25:41+00:00\",\"dateModified\":\"2026-02-12T12:09:40+00:00\",\"description\":\"Die Regierung des Kantons Wallis hat in jedem Bezirk einen Vertreter unter dem Namen Pr\u00e4fekt und Vizepr\u00e4fekt\",\"breadcrumb\":{\"@id\":\"https:\\\/\\\/prefetsvalais.ch\\\/#breadcrumb\"},\"inLanguage\":\"de\",\"potentialAction\":[{\"@type\":\"ReadAction\",\"target\":[\"https:\\\/\\\/prefetsvalais.ch\\\/\"]}]},{\"@type\":\"BreadcrumbList\",\"@id\":\"https:\\\/\\\/prefetsvalais.ch\\\/#breadcrumb\",\"itemListElement\":[{\"@type\":\"ListItem\",\"position\":1,\"name\":\"Accueil\",\"item\":\"https:\\\/\\\/prefetsvalais.ch\\\/\"},{\"@type\":\"ListItem\",\"position\":2,\"name\":\"Startseite\"}]},{\"@type\":\"WebSite\",\"@id\":\"https:\\\/\\\/prefetsvalais.ch\\\/#website\",\"url\":\"https:\\\/\\\/prefetsvalais.ch\\\/\",\"name\":\"Pr\u00e9fets du Valais\",\"description\":\"\",\"publisher\":{\"@id\":\"https:\\\/\\\/prefetsvalais.ch\\\/#organization\"},\"potentialAction\":[{\"@type\":\"SearchAction\",\"target\":{\"@type\":\"EntryPoint\",\"urlTemplate\":\"https:\\\/\\\/prefetsvalais.ch\\\/?s={search_term_string}\"},\"query-input\":{\"@type\":\"PropertyValueSpecification\",\"valueRequired\":true,\"valueName\":\"search_term_string\"}}],\"inLanguage\":\"de\"},{\"@type\":\"Organization\",\"@id\":\"https:\\\/\\\/prefetsvalais.ch\\\/#organization\",\"name\":\"Pr\u00e9fets du Valais\",\"url\":\"https:\\\/\\\/prefetsvalais.ch\\\/\",\"logo\":{\"@type\":\"ImageObject\",\"inLanguage\":\"de\",\"@id\":\"https:\\\/\\\/prefetsvalais.ch\\\/#\\\/schema\\\/logo\\\/image\\\/\",\"url\":\"https:\\\/\\\/prefetsvalais.ch\\\/wp-content\\\/uploads\\\/2020\\\/08\\\/logo-prefets.png\",\"contentUrl\":\"https:\\\/\\\/prefetsvalais.ch\\\/wp-content\\\/uploads\\\/2020\\\/08\\\/logo-prefets.png\",\"width\":600,\"height\":252,\"caption\":\"Pr\u00e9fets du Valais\"},\"image\":{\"@id\":\"https:\\\/\\\/prefetsvalais.ch\\\/#\\\/schema\\\/logo\\\/image\\\/\"}}]}<\/script>\n<!-- \/ Yoast SEO plugin. -->","yoast_head_json":{"title":"Startseite - Pr\u00e9fets du Valais","description":"Die Regierung des Kantons Wallis hat in jedem Bezirk einen Vertreter unter dem Namen Pr\u00e4fekt und Vizepr\u00e4fekt","robots":{"index":"index","follow":"follow","max-snippet":"max-snippet:-1","max-image-preview":"max-image-preview:large","max-video-preview":"max-video-preview:-1"},"canonical":"https:\/\/prefetsvalais.ch\/","og_locale":"de_DE","og_type":"article","og_title":"Startseite - Pr\u00e9fets du Valais","og_description":"Die Regierung des Kantons Wallis hat in jedem Bezirk einen Vertreter unter dem Namen Pr\u00e4fekt und Vizepr\u00e4fekt","og_url":"https:\/\/prefetsvalais.ch\/","og_site_name":"Pr\u00e9fets du Valais","article_modified_time":"2026-02-12T12:09:40+00:00","twitter_card":"summary_large_image","twitter_misc":{"Gesch\u00e4tzte Lesezeit":"10\u00a0Minuten"},"schema":{"@context":"https:\/\/schema.org","@graph":[{"@type":"WebPage","@id":"https:\/\/prefetsvalais.ch\/","url":"https:\/\/prefetsvalais.ch\/","name":"Startseite - Pr\u00e9fets du Valais","isPartOf":{"@id":"https:\/\/prefetsvalais.ch\/#website"},"datePublished":"2020-06-09T11:25:41+00:00","dateModified":"2026-02-12T12:09:40+00:00","description":"Die Regierung des Kantons Wallis hat in jedem Bezirk einen Vertreter unter dem Namen Pr\u00e4fekt und Vizepr\u00e4fekt","breadcrumb":{"@id":"https:\/\/prefetsvalais.ch\/#breadcrumb"},"inLanguage":"de","potentialAction":[{"@type":"ReadAction","target":["https:\/\/prefetsvalais.ch\/"]}]},{"@type":"BreadcrumbList","@id":"https:\/\/prefetsvalais.ch\/#breadcrumb","itemListElement":[{"@type":"ListItem","position":1,"name":"Accueil","item":"https:\/\/prefetsvalais.ch\/"},{"@type":"ListItem","position":2,"name":"Startseite"}]},{"@type":"WebSite","@id":"https:\/\/prefetsvalais.ch\/#website","url":"https:\/\/prefetsvalais.ch\/","name":"Pr\u00e9fets du Valais","description":"","publisher":{"@id":"https:\/\/prefetsvalais.ch\/#organization"},"potentialAction":[{"@type":"SearchAction","target":{"@type":"EntryPoint","urlTemplate":"https:\/\/prefetsvalais.ch\/?s={search_term_string}"},"query-input":{"@type":"PropertyValueSpecification","valueRequired":true,"valueName":"search_term_string"}}],"inLanguage":"de"},{"@type":"Organization","@id":"https:\/\/prefetsvalais.ch\/#organization","name":"Pr\u00e9fets du Valais","url":"https:\/\/prefetsvalais.ch\/","logo":{"@type":"ImageObject","inLanguage":"de","@id":"https:\/\/prefetsvalais.ch\/#\/schema\/logo\/image\/","url":"https:\/\/prefetsvalais.ch\/wp-content\/uploads\/2020\/08\/logo-prefets.png","contentUrl":"https:\/\/prefetsvalais.ch\/wp-content\/uploads\/2020\/08\/logo-prefets.png","width":600,"height":252,"caption":"Pr\u00e9fets du Valais"},"image":{"@id":"https:\/\/prefetsvalais.ch\/#\/schema\/logo\/image\/"}}]}},"_links":{"self":[{"href":"https:\/\/prefetsvalais.ch\/de\/wp-json\/wp\/v2\/pages\/74","targetHints":{"allow":["GET"]}}],"collection":[{"href":"https:\/\/prefetsvalais.ch\/de\/wp-json\/wp\/v2\/pages"}],"about":[{"href":"https:\/\/prefetsvalais.ch\/de\/wp-json\/wp\/v2\/types\/page"}],"author":[{"embeddable":true,"href":"https:\/\/prefetsvalais.ch\/de\/wp-json\/wp\/v2\/users\/2"}],"replies":[{"embeddable":true,"href":"https:\/\/prefetsvalais.ch\/de\/wp-json\/wp\/v2\/comments?post=74"}],"version-history":[{"count":7,"href":"https:\/\/prefetsvalais.ch\/de\/wp-json\/wp\/v2\/pages\/74\/revisions"}],"predecessor-version":[{"id":1228,"href":"https:\/\/prefetsvalais.ch\/de\/wp-json\/wp\/v2\/pages\/74\/revisions\/1228"}],"wp:attachment":[{"href":"https:\/\/prefetsvalais.ch\/de\/wp-json\/wp\/v2\/media?parent=74"}],"curies":[{"name":"wp","href":"https:\/\/api.w.org\/{rel}","templated":true}]}}